{"id":610,"date":"2020-02-11T14:40:40","date_gmt":"2020-02-11T13:40:40","guid":{"rendered":"https:\/\/www.dasyl-prevot.com\/?page_id=610"},"modified":"2020-02-11T14:50:23","modified_gmt":"2020-02-11T13:50:23","slug":"mentions-legales","status":"publish","type":"page","link":"https:\/\/www.dasyl-prevot.com\/index.php\/mentions-legales\/","title":{"rendered":"Mentions l\u00e9gales"},"content":{"rendered":"<p>[et_pb_section fb_built=\u00a0\u00bb1&Prime; _builder_version=\u00a0\u00bb4.3.2&Prime; hover_enabled=\u00a0\u00bb0&Prime; background_color=\u00a0\u00bb#000000&Prime;][et_pb_row _builder_version=\u00a0\u00bb3.25&Prime; background_size=\u00a0\u00bbinitial\u00a0\u00bb background_position=\u00a0\u00bbtop_left\u00a0\u00bb background_repeat=\u00a0\u00bbrepeat\u00a0\u00bb hover_enabled=\u00a0\u00bb0&Prime;][et_pb_column type=\u00a0\u00bb4_4&Prime; _builder_version=\u00a0\u00bb3.25&Prime; custom_padding=\u00a0\u00bb|||\u00a0\u00bb custom_padding__hover=\u00a0\u00bb|||\u00a0\u00bb][et_pb_post_title meta=\u00a0\u00bboff\u00a0\u00bb featured_image=\u00a0\u00bboff\u00a0\u00bb _builder_version=\u00a0\u00bb4.3.2&Prime; title_font_size=\u00a0\u00bb32px\u00a0\u00bb hover_enabled=\u00a0\u00bb0&Prime; title_font_tablet=\u00a0\u00bb\u00a0\u00bb title_font_phone=\u00a0\u00bb\u00a0\u00bb title_font_last_edited=\u00a0\u00bbon|phone\u00a0\u00bb title_font_size_tablet=\u00a0\u00bb\u00a0\u00bb title_font_size_phone=\u00a0\u00bb\u00a0\u00bb title_font_size_last_edited=\u00a0\u00bbon|desktop\u00a0\u00bb text_orientation=\u00a0\u00bbcenter\u00a0\u00bb text_color=\u00a0\u00bblight\u00a0\u00bb][\/et_pb_post_title][et_pb_text _builder_version=\u00a0\u00bb4.3.2&Prime; background_size=\u00a0\u00bbinitial\u00a0\u00bb background_position=\u00a0\u00bbtop_left\u00a0\u00bb background_repeat=\u00a0\u00bbrepeat\u00a0\u00bb hover_enabled=\u00a0\u00bb0&Prime; background_layout=\u00a0\u00bbdark\u00a0\u00bb]<!-- divi:heading --><\/p>\n<p>Ce site est \u00e9dit\u00e9 par la SAS DASYL PREVOT au capital de 76 000 euros immatricul\u00e9 au registre du commerce de et des soci\u00e9t\u00e9s de Marmande sous le num\u00e9ro RCS 333 355 592 et ayant son si\u00e8ge social situ\u00e9 au 58 rue des Isserts, 47200 Marmande. N\u00b0 TVA intra-communautaire\u00a0: FR86333355592.<\/p>\n<p>Directeur de la publication : <a href=\"https:\/\/www.dasyl-prevot.com\/#contact-dasyl\">Daniel Pr\u00e9vot<\/a>.<\/p>\n<p>Le site internet est h\u00e9berg\u00e9 par la soci\u00e9t\u00e9 OVH dont le si\u00e8ge social se situe \u00e0 Roubaix Siren 424 761 419 00045.<\/p>\n<p>Le site Web https:\/\/www.dasyl-prevot.com est la propri\u00e9t\u00e9 exclusive de la SAS DASYL PREVOT.<\/p>\n<p>[\/et_pb_text][et_pb_text _builder_version=\u00a0\u00bb4.3.2&Prime; hover_enabled=\u00a0\u00bb0&Prime; background_layout=\u00a0\u00bbdark\u00a0\u00bb]<\/p>\n<h2>Utilisation des donn\u00e9es personnelles collect\u00e9es<\/h2>\n<h3><\/h3>\n<h3>Formulaires de contact<\/h3>\n<p>Les donn\u00e9es personnelles transmises par un utilisateur pour nous contacter ne sont pas revendues ni c\u00e9d\u00e9es \u00e0 d&rsquo;autres soci\u00e9t\u00e9s.<\/p>\n<h3><\/h3>\n<h3>Statistiques et mesures d\u2019audience<\/h3>\n<p>Les statistiques sont enregistr\u00e9es via l&rsquo;extension Jetpack vers le site WordPress.com.<\/p>\n<p>[\/et_pb_text][\/et_pb_column][\/et_pb_row][\/et_pb_section]<\/p>\n","protected":false},"excerpt":{"rendered":"<p>Ce site est \u00e9dit\u00e9 par la SAS DASYL PREVOT au capital de 76 000 euros immatricul\u00e9 au registre du commerce de et des soci\u00e9t\u00e9s de Marmande sous le num\u00e9ro RCS 333 355 592 et ayant son si\u00e8ge social situ\u00e9 au 58 rue des Isserts, 47200 Marmande. N\u00b0 TVA intra-communautaire\u00a0: FR86333355592. Directeur de la publication : [&hellip;]<\/p>\n","protected":false},"author":1,"featured_media":0,"parent":0,"menu_order":0,"comment_status":"closed","ping_status":"closed","template":"","meta":{"_seopress_robots_primary_cat":"","_seopress_titles_title":"","_seopress_titles_desc":"","_seopress_robots_index":"yes","_et_pb_use_builder":"on","_et_pb_old_content":"<!-- wp:heading -->\n<h2>Qui sommes-nous&nbsp;?<\/h2>\n<!-- \/wp:heading -->\n\n<!-- wp:paragraph -->\n<p>Ce site est \u00e9dit\u00e9 par la SAS DASYL PREVOT au capital de 76 000 euros immatricul\u00e9 au registre du commerce de et des soci\u00e9t\u00e9s de Marmande sous le num\u00e9ro RCS 333 355 592 et ayant son si\u00e8ge social situ\u00e9 au 58 rue des Isserts, 47200 Marmande.<\/p>\n<!-- \/wp:paragraph -->\n\n<!-- wp:paragraph -->\n<p>Directeur de la publication : <a href=\"https:\/\/www.dasyl-prevot.com\/#contact-dasyl\">Daniel Pr\u00e9vot<\/a>.<\/p>\n<!-- \/wp:paragraph -->\n\n<!-- wp:paragraph -->\n<p>Le site internet est h\u00e9berg\u00e9 par la soci\u00e9t\u00e9 OVH dont le si\u00e8ge social se situe \u00e0 Roubaix Siren 424 761 419 00045.<\/p>\n<!-- \/wp:paragraph -->\n\n<!-- wp:paragraph -->\n<p>Le site Web https:\/\/www.dasyl-prevot.com est la propri\u00e9t\u00e9 exclusive de la SAS DASYL PREVOT.<\/p>\n<!-- \/wp:paragraph -->\n\n<!-- wp:heading -->\n<h2>Utilisation des donn\u00e9es personnelles collect\u00e9es<\/h2>\n<!-- \/wp:heading -->\n\n<!-- wp:heading {\"level\":3} -->\n<h3>Formulaires de contact<\/h3>\n<!-- \/wp:heading -->\n\n<!-- wp:paragraph -->\n<p>Les donn\u00e9es personnelles transmises par un utilisateur pour nous contacter ne sont pas revendues ni c\u00e9d\u00e9es \u00e0 d'autres soci\u00e9t\u00e9s.<\/p>\n<!-- \/wp:paragraph -->\n\n<!-- wp:heading {\"level\":3} -->\n<h3>Statistiques et mesures d\u2019audience<\/h3>\n<!-- \/wp:heading -->\n\n<!-- wp:paragraph -->\n<p>Les statistiques sont enregistr\u00e9es via l'extension Jetpack vers le site WordPress.com.<\/p>\n<!-- \/wp:paragraph -->","_et_gb_content_width":"","footnotes":""},"class_list":["post-610","page","type-page","status-publish","hentry"],"jetpack_shortlink":"https:\/\/wp.me\/PaLYv6-9Q","jetpack_sharing_enabled":true,"_links":{"self":[{"href":"https:\/\/www.dasyl-prevot.com\/index.php\/wp-json\/wp\/v2\/pages\/610","targetHints":{"allow":["GET"]}}],"collection":[{"href":"https:\/\/www.dasyl-prevot.com\/index.php\/wp-json\/wp\/v2\/pages"}],"about":[{"href":"https:\/\/www.dasyl-prevot.com\/index.php\/wp-json\/wp\/v2\/types\/page"}],"author":[{"embeddable":true,"href":"https:\/\/www.dasyl-prevot.com\/index.php\/wp-json\/wp\/v2\/users\/1"}],"replies":[{"embeddable":true,"href":"https:\/\/www.dasyl-prevot.com\/index.php\/wp-json\/wp\/v2\/comments?post=610"}],"version-history":[{"count":7,"href":"https:\/\/www.dasyl-prevot.com\/index.php\/wp-json\/wp\/v2\/pages\/610\/revisions"}],"predecessor-version":[{"id":692,"href":"https:\/\/www.dasyl-prevot.com\/index.php\/wp-json\/wp\/v2\/pages\/610\/revisions\/692"}],"wp:attachment":[{"href":"https:\/\/www.dasyl-prevot.com\/index.php\/wp-json\/wp\/v2\/media?parent=610"}],"curies":[{"name":"wp","href":"https:\/\/api.w.org\/{rel}","templated":true}]}}